{"id":2469,"date":"2014-03-15T22:08:38","date_gmt":"2014-03-16T02:08:38","guid":{"rendered":"http:\/\/proposmontreal.com\/?page_id=2469"},"modified":"2014-04-26T15:54:28","modified_gmt":"2014-04-26T19:54:28","slug":"emile-nelligan","status":"publish","type":"page","link":"https:\/\/proposmontreal.com\/index.php\/boutique_pm\/tee-shirts\/emile-nelligan\/","title":{"rendered":"Emile-Nelligan"},"content":{"rendered":"<span class=\"span-reading-time rt-reading-time\" style=\"display: block;\"><span class=\"rt-label rt-prefix\">Temps de lecture approximatif de<\/span> <span class=\"rt-time\"> &lt;\u00a01<\/span> <span class=\"rt-label rt-postfix\">minute<\/span><\/span><p><img loading=\"lazy\" decoding=\"async\" src=\"https:\/\/proposmontreal.com\/wp-content\/uploads\/2014\/03\/emile.png\" alt=\"\u00c9mile Nelligan\" width=\"600\" height=\"556\" class=\"aligncenter size-full wp-image-2425\" \/><\/p>\n<div align=\"center\">\n<div id='gallery-1' class='gallery galleryid-2469 gallery-columns-1 gallery-size-thumbnail'><figure class='gallery-item'>\n\t\t\t<div class='gallery-icon portrait'>\n\t\t\t\t<a href='https:\/\/proposmontreal.com\/wp-content\/uploads\/2014\/03\/modele_emile.png'><img loading=\"lazy\" decoding=\"async\" width=\"129\" height=\"150\" src=\"https:\/\/proposmontreal.com\/wp-content\/uploads\/2014\/03\/modele_emile-129x150.png\" class=\"attachment-thumbnail size-thumbnail\" alt=\"\" srcset=\"https:\/\/proposmontreal.com\/wp-content\/uploads\/2014\/03\/modele_emile-129x150.png 129w, https:\/\/proposmontreal.com\/wp-content\/uploads\/2014\/03\/modele_emile-259x300.png 259w, https:\/\/proposmontreal.com\/wp-content\/uploads\/2014\/03\/modele_emile.png 350w\" sizes=\"auto, (max-width: 129px) 100vw, 129px\" \/><\/a>\n\t\t\t<\/div><\/figure>\n\t\t<\/div>\n\n<\/div>\n<p>Ah ! comme la neige a neig\u00e9 !<br \/>\nMa vitre est un jardin de givre.<br \/>\nAh ! comme la neige a neig\u00e9 !<br \/>\nQu\u2019est-ce que le spasme de vivre<br \/>\n\u00c0 la douleur que j\u2019ai, que j\u2019ai.<\/p>\n<p>Mais l&rsquo;\u00e9t\u00e9 est arriv\u00e9<br \/>\nc&rsquo;est le temps de porter notre po\u00e8te pr\u00e9f\u00e9r\u00e9<br \/>\nsur votre tee-shirt fi\u00e8rement achet\u00e9.<\/p>\n<div align=\"center\">\n<a href=\"http:\/\/www.etsy.com\/ca-fr\/listing\/127398093\/tee-shirt-emile-nelligan\" target=\"_blank\"><img loading=\"lazy\" decoding=\"async\" src=\"https:\/\/proposmontreal.com\/wp-content\/uploads\/2014\/04\/bouton_acheter.png\" alt=\"bouton_acheter\" width=\"265\" height=\"72\" class=\"aligncenter size-full wp-image-2625\" style=\"border-style: none\" srcset=\"https:\/\/proposmontreal.com\/wp-content\/uploads\/2014\/04\/bouton_acheter.png 265w, https:\/\/proposmontreal.com\/wp-content\/uploads\/2014\/04\/bouton_acheter-150x40.png 150w\" sizes=\"auto, (max-width: 265px) 100vw, 265px\" \/><\/a>\n<\/div>\n","protected":false},"excerpt":{"rendered":"<p><span class=\"span-reading-time rt-reading-time\" style=\"display: block;\"><span class=\"rt-label rt-prefix\">Temps de lecture approximatif de<\/span> <span class=\"rt-time\"> &lt;\u00a01<\/span> <span class=\"rt-label rt-postfix\">minute<\/span><\/span>Ah ! comme la neige a neig\u00e9 ! Ma vitre est un jardin de givre. Ah ! comme la neige a neig\u00e9 ! Qu\u2019est-ce que&#8230;<\/p>\n<div class=\"more-link-wrapper\"><a class=\"more-link\" href=\"https:\/\/proposmontreal.com\/index.php\/boutique_pm\/tee-shirts\/emile-nelligan\/\">Pour lire l&#039;article&#8230;<span class=\"screen-reader-text\">Emile-Nelligan<\/span><\/a><\/div>\n","protected":false},"author":2,"featured_media":2640,"parent":2415,"menu_order":0,"comment_status":"open","ping_status":"open","template":"","meta":{"jetpack_post_was_ever_published":false,"footnotes":""},"class_list":["post-2469","page","type-page","status-publish","has-post-thumbnail","hentry","excerpt","zoom","full-without-featured","even","excerpt-0"],"yoast_head":"<!-- This site is optimized with the Yoast SEO plugin v26.5 - https:\/\/yoast.com\/wordpress\/plugins\/seo\/ -->\n<title>Emile-Nelligan<\/title>\n<meta name=\"description\" content=\"L&#039;\u00e9t\u00e9 est arriv\u00e9, c&#039;est le temps de porter notre po\u00e8te pr\u00e9f\u00e9r\u00e9 sur votre tee-shirt fi\u00e8rement achet\u00e9.\" \/>\n<meta name=\"robots\" content=\"index, follow, max-snippet:-1, max-image-preview:large, max-video-preview:-1\" \/>\n<link rel=\"canonical\" href=\"https:\/\/proposmontreal.com\/index.php\/boutique_pm\/tee-shirts\/emile-nelligan\/\" \/>\n<meta property=\"og:locale\" content=\"fr_FR\" \/>\n<meta property=\"og:type\" content=\"article\" \/>\n<meta property=\"og:title\" content=\"Emile-Nelligan\" \/>\n<meta property=\"og:url\" content=\"https:\/\/proposmontreal.com\/index.php\/boutique_pm\/tee-shirts\/emile-nelligan\/\" \/>\n<meta property=\"og:site_name\" content=\"ProposMontr\u00e9al\" \/>\n<meta property=\"article:publisher\" content=\"https:\/\/www.facebook.com\/proposmontreal\" \/>\n<meta property=\"article:modified_time\" content=\"2014-04-26T19:54:28+00:00\" \/>\n<meta property=\"og:image\" content=\"https:\/\/proposmontreal.com\/wp-content\/uploads\/2014\/03\/modele_emile.png\" \/>\n\t<meta property=\"og:image:width\" content=\"350\" \/>\n\t<meta property=\"og:image:height\" content=\"404\" \/>\n\t<meta property=\"og:image:type\" content=\"image\/png\" \/>\n<meta name=\"twitter:card\" content=\"summary_large_image\" \/>\n<meta name=\"twitter:site\" content=\"@ProposMontreal\" \/>\n<script type=\"application\/ld+json\" class=\"yoast-schema-graph\">{\"@context\":\"https:\/\/schema.org\",\"@graph\":[{\"@type\":\"WebPage\",\"@id\":\"https:\/\/proposmontreal.com\/index.php\/boutique_pm\/tee-shirts\/emile-nelligan\/\",\"url\":\"https:\/\/proposmontreal.com\/index.php\/boutique_pm\/tee-shirts\/emile-nelligan\/\",\"name\":\"Emile-Nelligan\",\"isPartOf\":{\"@id\":\"https:\/\/proposmontreal.com\/#website\"},\"primaryImageOfPage\":{\"@id\":\"https:\/\/proposmontreal.com\/index.php\/boutique_pm\/tee-shirts\/emile-nelligan\/#primaryimage\"},\"image\":{\"@id\":\"https:\/\/proposmontreal.com\/index.php\/boutique_pm\/tee-shirts\/emile-nelligan\/#primaryimage\"},\"thumbnailUrl\":\"https:\/\/proposmontreal.com\/wp-content\/uploads\/2014\/03\/modele_emile.png\",\"datePublished\":\"2014-03-16T02:08:38+00:00\",\"dateModified\":\"2014-04-26T19:54:28+00:00\",\"description\":\"L'\u00e9t\u00e9 est arriv\u00e9, c'est le temps de porter notre po\u00e8te pr\u00e9f\u00e9r\u00e9 sur votre tee-shirt fi\u00e8rement achet\u00e9.\",\"breadcrumb\":{\"@id\":\"https:\/\/proposmontreal.com\/index.php\/boutique_pm\/tee-shirts\/emile-nelligan\/#breadcrumb\"},\"inLanguage\":\"fr-FR\",\"potentialAction\":[{\"@type\":\"ReadAction\",\"target\":[\"https:\/\/proposmontreal.com\/index.php\/boutique_pm\/tee-shirts\/emile-nelligan\/\"]}]},{\"@type\":\"ImageObject\",\"inLanguage\":\"fr-FR\",\"@id\":\"https:\/\/proposmontreal.com\/index.php\/boutique_pm\/tee-shirts\/emile-nelligan\/#primaryimage\",\"url\":\"https:\/\/proposmontreal.com\/wp-content\/uploads\/2014\/03\/modele_emile.png\",\"contentUrl\":\"https:\/\/proposmontreal.com\/wp-content\/uploads\/2014\/03\/modele_emile.png\",\"width\":350,\"height\":404},{\"@type\":\"BreadcrumbList\",\"@id\":\"https:\/\/proposmontreal.com\/index.php\/boutique_pm\/tee-shirts\/emile-nelligan\/#breadcrumb\",\"itemListElement\":[{\"@type\":\"ListItem\",\"position\":1,\"name\":\"Accueil\",\"item\":\"https:\/\/proposmontreal.com\/\"},{\"@type\":\"ListItem\",\"position\":2,\"name\":\"Boutique PM\",\"item\":\"https:\/\/proposmontreal.com\/index.php\/boutique_pm\/\"},{\"@type\":\"ListItem\",\"position\":3,\"name\":\"Tee-Shirts\",\"item\":\"https:\/\/proposmontreal.com\/index.php\/boutique_pm\/tee-shirts\/\"},{\"@type\":\"ListItem\",\"position\":4,\"name\":\"Emile-Nelligan\"}]},{\"@type\":\"WebSite\",\"@id\":\"https:\/\/proposmontreal.com\/#website\",\"url\":\"https:\/\/proposmontreal.com\/\",\"name\":\"ProposMontr\u00e9al\",\"description\":\"Histoire, Urbanisme, Architecture et Opinions.\",\"potentialAction\":[{\"@type\":\"SearchAction\",\"target\":{\"@type\":\"EntryPoint\",\"urlTemplate\":\"https:\/\/proposmontreal.com\/?s={search_term_string}\"},\"query-input\":{\"@type\":\"PropertyValueSpecification\",\"valueRequired\":true,\"valueName\":\"search_term_string\"}}],\"inLanguage\":\"fr-FR\"}]}<\/script>\n<!-- \/ Yoast SEO plugin. -->","yoast_head_json":{"title":"Emile-Nelligan","description":"L'\u00e9t\u00e9 est arriv\u00e9, c'est le temps de porter notre po\u00e8te pr\u00e9f\u00e9r\u00e9 sur votre tee-shirt fi\u00e8rement achet\u00e9.","robots":{"index":"index","follow":"follow","max-snippet":"max-snippet:-1","max-image-preview":"max-image-preview:large","max-video-preview":"max-video-preview:-1"},"canonical":"https:\/\/proposmontreal.com\/index.php\/boutique_pm\/tee-shirts\/emile-nelligan\/","og_locale":"fr_FR","og_type":"article","og_title":"Emile-Nelligan","og_url":"https:\/\/proposmontreal.com\/index.php\/boutique_pm\/tee-shirts\/emile-nelligan\/","og_site_name":"ProposMontr\u00e9al","article_publisher":"https:\/\/www.facebook.com\/proposmontreal","article_modified_time":"2014-04-26T19:54:28+00:00","og_image":[{"width":350,"height":404,"url":"https:\/\/proposmontreal.com\/wp-content\/uploads\/2014\/03\/modele_emile.png","type":"image\/png"}],"twitter_card":"summary_large_image","twitter_site":"@ProposMontreal","schema":{"@context":"https:\/\/schema.org","@graph":[{"@type":"WebPage","@id":"https:\/\/proposmontreal.com\/index.php\/boutique_pm\/tee-shirts\/emile-nelligan\/","url":"https:\/\/proposmontreal.com\/index.php\/boutique_pm\/tee-shirts\/emile-nelligan\/","name":"Emile-Nelligan","isPartOf":{"@id":"https:\/\/proposmontreal.com\/#website"},"primaryImageOfPage":{"@id":"https:\/\/proposmontreal.com\/index.php\/boutique_pm\/tee-shirts\/emile-nelligan\/#primaryimage"},"image":{"@id":"https:\/\/proposmontreal.com\/index.php\/boutique_pm\/tee-shirts\/emile-nelligan\/#primaryimage"},"thumbnailUrl":"https:\/\/proposmontreal.com\/wp-content\/uploads\/2014\/03\/modele_emile.png","datePublished":"2014-03-16T02:08:38+00:00","dateModified":"2014-04-26T19:54:28+00:00","description":"L'\u00e9t\u00e9 est arriv\u00e9, c'est le temps de porter notre po\u00e8te pr\u00e9f\u00e9r\u00e9 sur votre tee-shirt fi\u00e8rement achet\u00e9.","breadcrumb":{"@id":"https:\/\/proposmontreal.com\/index.php\/boutique_pm\/tee-shirts\/emile-nelligan\/#breadcrumb"},"inLanguage":"fr-FR","potentialAction":[{"@type":"ReadAction","target":["https:\/\/proposmontreal.com\/index.php\/boutique_pm\/tee-shirts\/emile-nelligan\/"]}]},{"@type":"ImageObject","inLanguage":"fr-FR","@id":"https:\/\/proposmontreal.com\/index.php\/boutique_pm\/tee-shirts\/emile-nelligan\/#primaryimage","url":"https:\/\/proposmontreal.com\/wp-content\/uploads\/2014\/03\/modele_emile.png","contentUrl":"https:\/\/proposmontreal.com\/wp-content\/uploads\/2014\/03\/modele_emile.png","width":350,"height":404},{"@type":"BreadcrumbList","@id":"https:\/\/proposmontreal.com\/index.php\/boutique_pm\/tee-shirts\/emile-nelligan\/#breadcrumb","itemListElement":[{"@type":"ListItem","position":1,"name":"Accueil","item":"https:\/\/proposmontreal.com\/"},{"@type":"ListItem","position":2,"name":"Boutique PM","item":"https:\/\/proposmontreal.com\/index.php\/boutique_pm\/"},{"@type":"ListItem","position":3,"name":"Tee-Shirts","item":"https:\/\/proposmontreal.com\/index.php\/boutique_pm\/tee-shirts\/"},{"@type":"ListItem","position":4,"name":"Emile-Nelligan"}]},{"@type":"WebSite","@id":"https:\/\/proposmontreal.com\/#website","url":"https:\/\/proposmontreal.com\/","name":"ProposMontr\u00e9al","description":"Histoire, Urbanisme, Architecture et Opinions.","potentialAction":[{"@type":"SearchAction","target":{"@type":"EntryPoint","urlTemplate":"https:\/\/proposmontreal.com\/?s={search_term_string}"},"query-input":{"@type":"PropertyValueSpecification","valueRequired":true,"valueName":"search_term_string"}}],"inLanguage":"fr-FR"}]}},"jetpack_sharing_enabled":true,"_links":{"self":[{"href":"https:\/\/proposmontreal.com\/index.php\/wp-json\/wp\/v2\/pages\/2469","targetHints":{"allow":["GET"]}}],"collection":[{"href":"https:\/\/proposmontreal.com\/index.php\/wp-json\/wp\/v2\/pages"}],"about":[{"href":"https:\/\/proposmontreal.com\/index.php\/wp-json\/wp\/v2\/types\/page"}],"author":[{"embeddable":true,"href":"https:\/\/proposmontreal.com\/index.php\/wp-json\/wp\/v2\/users\/2"}],"replies":[{"embeddable":true,"href":"https:\/\/proposmontreal.com\/index.php\/wp-json\/wp\/v2\/comments?post=2469"}],"version-history":[{"count":3,"href":"https:\/\/proposmontreal.com\/index.php\/wp-json\/wp\/v2\/pages\/2469\/revisions"}],"predecessor-version":[{"id":2642,"href":"https:\/\/proposmontreal.com\/index.php\/wp-json\/wp\/v2\/pages\/2469\/revisions\/2642"}],"up":[{"embeddable":true,"href":"https:\/\/proposmontreal.com\/index.php\/wp-json\/wp\/v2\/pages\/2415"}],"wp:featuredmedia":[{"embeddable":true,"href":"https:\/\/proposmontreal.com\/index.php\/wp-json\/wp\/v2\/media\/2640"}],"wp:attachment":[{"href":"https:\/\/proposmontreal.com\/index.php\/wp-json\/wp\/v2\/media?parent=2469"}],"curies":[{"name":"wp","href":"https:\/\/api.w.org\/{rel}","templated":true}]}}