{"id":2466,"date":"2014-03-15T22:06:11","date_gmt":"2014-03-16T02:06:11","guid":{"rendered":"http:\/\/proposmontreal.com\/?page_id=2466"},"modified":"2014-04-26T15:32:03","modified_gmt":"2014-04-26T19:32:03","slug":"autoroutes","status":"publish","type":"page","link":"https:\/\/proposmontreal.com\/index.php\/boutique_pm\/tee-shirts\/autoroutes\/","title":{"rendered":"Autoroutes"},"content":{"rendered":"<span class=\"span-reading-time rt-reading-time\" style=\"display: block;\"><span class=\"rt-label rt-prefix\">Temps de lecture approximatif de<\/span> <span class=\"rt-time\"> &lt;\u00a01<\/span> <span class=\"rt-label rt-postfix\">minute<\/span><\/span><p><img loading=\"lazy\" decoding=\"async\" src=\"https:\/\/proposmontreal.com\/wp-content\/uploads\/2014\/03\/autoroute.png\" alt=\"Les Autoroutes \" width=\"600\" height=\"556\" class=\"aligncenter size-full wp-image-2425\" srcset=\"https:\/\/proposmontreal.com\/wp-content\/uploads\/2014\/03\/autoroute.png 600w, https:\/\/proposmontreal.com\/wp-content\/uploads\/2014\/03\/autoroute-150x139.png 150w, https:\/\/proposmontreal.com\/wp-content\/uploads\/2014\/03\/autoroute-300x278.png 300w\" sizes=\"auto, (max-width: 600px) 100vw, 600px\" \/><\/p>\n<div align=\"center\">\n<div id='gallery-1' class='gallery galleryid-2466 gallery-columns-1 gallery-size-thumbnail'><figure class='gallery-item'>\n\t\t\t<div class='gallery-icon portrait'>\n\t\t\t\t<a href='https:\/\/proposmontreal.com\/wp-content\/uploads\/2014\/03\/modele_autoroute.png'><img loading=\"lazy\" decoding=\"async\" width=\"135\" height=\"150\" src=\"https:\/\/proposmontreal.com\/wp-content\/uploads\/2014\/03\/modele_autoroute-135x150.png\" class=\"attachment-thumbnail size-thumbnail\" alt=\"\" srcset=\"https:\/\/proposmontreal.com\/wp-content\/uploads\/2014\/03\/modele_autoroute-135x150.png 135w, https:\/\/proposmontreal.com\/wp-content\/uploads\/2014\/03\/modele_autoroute.png 250w\" sizes=\"auto, (max-width: 135px) 100vw, 135px\" \/><\/a>\n\t\t\t<\/div><\/figure>\n\t\t<\/div>\n\n<\/div>\n<p>Souvent une cause de cauchemars, les autoroutes de Montr\u00e9al servent de point d&rsquo;acc\u00e8s pour nos amis de la banlieue. Mais voil\u00e0 ces m\u00eames autoroutes servent \u00e9galement de barri\u00e8res, de d\u00e9marcation sillonnant l&rsquo;\u00eele de Montr\u00e9al de l&rsquo;ouest vers l&rsquo;est et du sud vers le nord. 20, 40, 720, 13, 15, 19 et 25 sont toutes une partie int\u00e9grale de notre Montr\u00e9al automobile. Pour le meilleur comme pour le pire.<\/p>\n<div align=\"center\">\n<a href=\"http:\/\/www.etsy.com\/ca-fr\/listing\/173308013\/tee-shirt-autoroutes\" target=\"_blank\"><img loading=\"lazy\" decoding=\"async\" src=\"https:\/\/proposmontreal.com\/wp-content\/uploads\/2014\/04\/bouton_acheter.png\" alt=\"bouton_acheter\" width=\"265\" height=\"72\" class=\"aligncenter size-full wp-image-2625\" style=\"border-style: none\" srcset=\"https:\/\/proposmontreal.com\/wp-content\/uploads\/2014\/04\/bouton_acheter.png 265w, https:\/\/proposmontreal.com\/wp-content\/uploads\/2014\/04\/bouton_acheter-150x40.png 150w\" sizes=\"auto, (max-width: 265px) 100vw, 265px\" \/><\/a>\n<\/div>\n","protected":false},"excerpt":{"rendered":"<p><span class=\"span-reading-time rt-reading-time\" style=\"display: block;\"><span class=\"rt-label rt-prefix\">Temps de lecture approximatif de<\/span> <span class=\"rt-time\"> &lt;\u00a01<\/span> <span class=\"rt-label rt-postfix\">minute<\/span><\/span>Souvent une cause de cauchemars, les autoroutes de Montr\u00e9al servent de point d&rsquo;acc\u00e8s pour nos amis de la banlieue. Mais voil\u00e0 ces m\u00eames autoroutes servent&#8230;<\/p>\n<div class=\"more-link-wrapper\"><a class=\"more-link\" href=\"https:\/\/proposmontreal.com\/index.php\/boutique_pm\/tee-shirts\/autoroutes\/\">Pour lire l&#039;article&#8230;<span class=\"screen-reader-text\">Autoroutes<\/span><\/a><\/div>\n","protected":false},"author":2,"featured_media":2445,"parent":2415,"menu_order":0,"comment_status":"open","ping_status":"open","template":"","meta":{"jetpack_post_was_ever_published":false,"footnotes":""},"class_list":["post-2466","page","type-page","status-publish","has-post-thumbnail","hentry","excerpt","zoom","full-without-featured","even","excerpt-0"],"yoast_head":"<!-- This site is optimized with the Yoast SEO plugin v26.5 - https:\/\/yoast.com\/wordpress\/plugins\/seo\/ -->\n<title>tee-Shirt Autoroutes \u00e0 Montr\u00e9al<\/title>\n<meta name=\"description\" content=\"Portez les autoroutes de Montr\u00e9al fi\u00e8rement sur votre t-shirt de ProposMontr\u00e9al\" \/>\n<meta name=\"robots\" content=\"index, follow, max-snippet:-1, max-image-preview:large, max-video-preview:-1\" \/>\n<link rel=\"canonical\" href=\"https:\/\/proposmontreal.com\/index.php\/boutique_pm\/tee-shirts\/autoroutes\/\" \/>\n<meta property=\"og:locale\" content=\"fr_FR\" \/>\n<meta property=\"og:type\" content=\"article\" \/>\n<meta property=\"og:title\" content=\"tee-Shirt Autoroutes \u00e0 Montr\u00e9al\" \/>\n<meta property=\"og:url\" content=\"https:\/\/proposmontreal.com\/index.php\/boutique_pm\/tee-shirts\/autoroutes\/\" \/>\n<meta property=\"og:site_name\" content=\"ProposMontr\u00e9al\" \/>\n<meta property=\"article:publisher\" content=\"https:\/\/www.facebook.com\/proposmontreal\" \/>\n<meta property=\"article:modified_time\" content=\"2014-04-26T19:32:03+00:00\" \/>\n<meta property=\"og:image\" content=\"https:\/\/proposmontreal.com\/wp-content\/uploads\/2014\/03\/modele_autoroute.png\" \/>\n\t<meta property=\"og:image:width\" content=\"250\" \/>\n\t<meta property=\"og:image:height\" content=\"276\" \/>\n\t<meta property=\"og:image:type\" content=\"image\/png\" \/>\n<meta name=\"twitter:card\" content=\"summary_large_image\" \/>\n<meta name=\"twitter:site\" content=\"@ProposMontreal\" \/>\n<script type=\"application\/ld+json\" class=\"yoast-schema-graph\">{\"@context\":\"https:\/\/schema.org\",\"@graph\":[{\"@type\":\"WebPage\",\"@id\":\"https:\/\/proposmontreal.com\/index.php\/boutique_pm\/tee-shirts\/autoroutes\/\",\"url\":\"https:\/\/proposmontreal.com\/index.php\/boutique_pm\/tee-shirts\/autoroutes\/\",\"name\":\"tee-Shirt Autoroutes \u00e0 Montr\u00e9al\",\"isPartOf\":{\"@id\":\"https:\/\/proposmontreal.com\/#website\"},\"primaryImageOfPage\":{\"@id\":\"https:\/\/proposmontreal.com\/index.php\/boutique_pm\/tee-shirts\/autoroutes\/#primaryimage\"},\"image\":{\"@id\":\"https:\/\/proposmontreal.com\/index.php\/boutique_pm\/tee-shirts\/autoroutes\/#primaryimage\"},\"thumbnailUrl\":\"https:\/\/proposmontreal.com\/wp-content\/uploads\/2014\/03\/modele_autoroute.png\",\"datePublished\":\"2014-03-16T02:06:11+00:00\",\"dateModified\":\"2014-04-26T19:32:03+00:00\",\"description\":\"Portez les autoroutes de Montr\u00e9al fi\u00e8rement sur votre t-shirt de ProposMontr\u00e9al\",\"breadcrumb\":{\"@id\":\"https:\/\/proposmontreal.com\/index.php\/boutique_pm\/tee-shirts\/autoroutes\/#breadcrumb\"},\"inLanguage\":\"fr-FR\",\"potentialAction\":[{\"@type\":\"ReadAction\",\"target\":[\"https:\/\/proposmontreal.com\/index.php\/boutique_pm\/tee-shirts\/autoroutes\/\"]}]},{\"@type\":\"ImageObject\",\"inLanguage\":\"fr-FR\",\"@id\":\"https:\/\/proposmontreal.com\/index.php\/boutique_pm\/tee-shirts\/autoroutes\/#primaryimage\",\"url\":\"https:\/\/proposmontreal.com\/wp-content\/uploads\/2014\/03\/modele_autoroute.png\",\"contentUrl\":\"https:\/\/proposmontreal.com\/wp-content\/uploads\/2014\/03\/modele_autoroute.png\",\"width\":250,\"height\":276},{\"@type\":\"BreadcrumbList\",\"@id\":\"https:\/\/proposmontreal.com\/index.php\/boutique_pm\/tee-shirts\/autoroutes\/#breadcrumb\",\"itemListElement\":[{\"@type\":\"ListItem\",\"position\":1,\"name\":\"Accueil\",\"item\":\"https:\/\/proposmontreal.com\/\"},{\"@type\":\"ListItem\",\"position\":2,\"name\":\"Boutique PM\",\"item\":\"https:\/\/proposmontreal.com\/index.php\/boutique_pm\/\"},{\"@type\":\"ListItem\",\"position\":3,\"name\":\"Tee-Shirts\",\"item\":\"https:\/\/proposmontreal.com\/index.php\/boutique_pm\/tee-shirts\/\"},{\"@type\":\"ListItem\",\"position\":4,\"name\":\"Autoroutes\"}]},{\"@type\":\"WebSite\",\"@id\":\"https:\/\/proposmontreal.com\/#website\",\"url\":\"https:\/\/proposmontreal.com\/\",\"name\":\"ProposMontr\u00e9al\",\"description\":\"Histoire, Urbanisme, Architecture et Opinions.\",\"potentialAction\":[{\"@type\":\"SearchAction\",\"target\":{\"@type\":\"EntryPoint\",\"urlTemplate\":\"https:\/\/proposmontreal.com\/?s={search_term_string}\"},\"query-input\":{\"@type\":\"PropertyValueSpecification\",\"valueRequired\":true,\"valueName\":\"search_term_string\"}}],\"inLanguage\":\"fr-FR\"}]}<\/script>\n<!-- \/ Yoast SEO plugin. -->","yoast_head_json":{"title":"tee-Shirt Autoroutes \u00e0 Montr\u00e9al","description":"Portez les autoroutes de Montr\u00e9al fi\u00e8rement sur votre t-shirt de ProposMontr\u00e9al","robots":{"index":"index","follow":"follow","max-snippet":"max-snippet:-1","max-image-preview":"max-image-preview:large","max-video-preview":"max-video-preview:-1"},"canonical":"https:\/\/proposmontreal.com\/index.php\/boutique_pm\/tee-shirts\/autoroutes\/","og_locale":"fr_FR","og_type":"article","og_title":"tee-Shirt Autoroutes \u00e0 Montr\u00e9al","og_url":"https:\/\/proposmontreal.com\/index.php\/boutique_pm\/tee-shirts\/autoroutes\/","og_site_name":"ProposMontr\u00e9al","article_publisher":"https:\/\/www.facebook.com\/proposmontreal","article_modified_time":"2014-04-26T19:32:03+00:00","og_image":[{"width":250,"height":276,"url":"https:\/\/proposmontreal.com\/wp-content\/uploads\/2014\/03\/modele_autoroute.png","type":"image\/png"}],"twitter_card":"summary_large_image","twitter_site":"@ProposMontreal","schema":{"@context":"https:\/\/schema.org","@graph":[{"@type":"WebPage","@id":"https:\/\/proposmontreal.com\/index.php\/boutique_pm\/tee-shirts\/autoroutes\/","url":"https:\/\/proposmontreal.com\/index.php\/boutique_pm\/tee-shirts\/autoroutes\/","name":"tee-Shirt Autoroutes \u00e0 Montr\u00e9al","isPartOf":{"@id":"https:\/\/proposmontreal.com\/#website"},"primaryImageOfPage":{"@id":"https:\/\/proposmontreal.com\/index.php\/boutique_pm\/tee-shirts\/autoroutes\/#primaryimage"},"image":{"@id":"https:\/\/proposmontreal.com\/index.php\/boutique_pm\/tee-shirts\/autoroutes\/#primaryimage"},"thumbnailUrl":"https:\/\/proposmontreal.com\/wp-content\/uploads\/2014\/03\/modele_autoroute.png","datePublished":"2014-03-16T02:06:11+00:00","dateModified":"2014-04-26T19:32:03+00:00","description":"Portez les autoroutes de Montr\u00e9al fi\u00e8rement sur votre t-shirt de ProposMontr\u00e9al","breadcrumb":{"@id":"https:\/\/proposmontreal.com\/index.php\/boutique_pm\/tee-shirts\/autoroutes\/#breadcrumb"},"inLanguage":"fr-FR","potentialAction":[{"@type":"ReadAction","target":["https:\/\/proposmontreal.com\/index.php\/boutique_pm\/tee-shirts\/autoroutes\/"]}]},{"@type":"ImageObject","inLanguage":"fr-FR","@id":"https:\/\/proposmontreal.com\/index.php\/boutique_pm\/tee-shirts\/autoroutes\/#primaryimage","url":"https:\/\/proposmontreal.com\/wp-content\/uploads\/2014\/03\/modele_autoroute.png","contentUrl":"https:\/\/proposmontreal.com\/wp-content\/uploads\/2014\/03\/modele_autoroute.png","width":250,"height":276},{"@type":"BreadcrumbList","@id":"https:\/\/proposmontreal.com\/index.php\/boutique_pm\/tee-shirts\/autoroutes\/#breadcrumb","itemListElement":[{"@type":"ListItem","position":1,"name":"Accueil","item":"https:\/\/proposmontreal.com\/"},{"@type":"ListItem","position":2,"name":"Boutique PM","item":"https:\/\/proposmontreal.com\/index.php\/boutique_pm\/"},{"@type":"ListItem","position":3,"name":"Tee-Shirts","item":"https:\/\/proposmontreal.com\/index.php\/boutique_pm\/tee-shirts\/"},{"@type":"ListItem","position":4,"name":"Autoroutes"}]},{"@type":"WebSite","@id":"https:\/\/proposmontreal.com\/#website","url":"https:\/\/proposmontreal.com\/","name":"ProposMontr\u00e9al","description":"Histoire, Urbanisme, Architecture et Opinions.","potentialAction":[{"@type":"SearchAction","target":{"@type":"EntryPoint","urlTemplate":"https:\/\/proposmontreal.com\/?s={search_term_string}"},"query-input":{"@type":"PropertyValueSpecification","valueRequired":true,"valueName":"search_term_string"}}],"inLanguage":"fr-FR"}]}},"jetpack_sharing_enabled":true,"_links":{"self":[{"href":"https:\/\/proposmontreal.com\/index.php\/wp-json\/wp\/v2\/pages\/2466","targetHints":{"allow":["GET"]}}],"collection":[{"href":"https:\/\/proposmontreal.com\/index.php\/wp-json\/wp\/v2\/pages"}],"about":[{"href":"https:\/\/proposmontreal.com\/index.php\/wp-json\/wp\/v2\/types\/page"}],"author":[{"embeddable":true,"href":"https:\/\/proposmontreal.com\/index.php\/wp-json\/wp\/v2\/users\/2"}],"replies":[{"embeddable":true,"href":"https:\/\/proposmontreal.com\/index.php\/wp-json\/wp\/v2\/comments?post=2466"}],"version-history":[{"count":3,"href":"https:\/\/proposmontreal.com\/index.php\/wp-json\/wp\/v2\/pages\/2466\/revisions"}],"predecessor-version":[{"id":2627,"href":"https:\/\/proposmontreal.com\/index.php\/wp-json\/wp\/v2\/pages\/2466\/revisions\/2627"}],"up":[{"embeddable":true,"href":"https:\/\/proposmontreal.com\/index.php\/wp-json\/wp\/v2\/pages\/2415"}],"wp:featuredmedia":[{"embeddable":true,"href":"https:\/\/proposmontreal.com\/index.php\/wp-json\/wp\/v2\/media\/2445"}],"wp:attachment":[{"href":"https:\/\/proposmontreal.com\/index.php\/wp-json\/wp\/v2\/media?parent=2466"}],"curies":[{"name":"wp","href":"https:\/\/api.w.org\/{rel}","templated":true}]}}