{"id":2463,"date":"2014-03-15T22:00:56","date_gmt":"2014-03-16T02:00:56","guid":{"rendered":"http:\/\/proposmontreal.com\/?page_id=2463"},"modified":"2014-04-26T15:47:21","modified_gmt":"2014-04-26T19:47:21","slug":"metro","status":"publish","type":"page","link":"https:\/\/proposmontreal.com\/index.php\/boutique_pm\/tee-shirts\/metro\/","title":{"rendered":"M\u00e9tro"},"content":{"rendered":"<span class=\"span-reading-time rt-reading-time\" style=\"display: block;\"><span class=\"rt-label rt-prefix\">Temps de lecture approximatif de<\/span> <span class=\"rt-time\"> &lt;\u00a01<\/span> <span class=\"rt-label rt-postfix\">minute<\/span><\/span><p><img loading=\"lazy\" decoding=\"async\" src=\"https:\/\/proposmontreal.com\/wp-content\/uploads\/2014\/03\/metro.png\" alt=\"Plan du M\u00e9tro\" width=\"600\" height=\"556\" class=\"aligncenter size-full wp-image-2425\" \/><\/p>\n<div align=\"center\">\n<div id='gallery-1' class='gallery galleryid-2463 gallery-columns-1 gallery-size-thumbnail'><figure class='gallery-item'>\n\t\t\t<div class='gallery-icon portrait'>\n\t\t\t\t<a href='https:\/\/proposmontreal.com\/wp-content\/uploads\/2014\/03\/modele_metro.png'><img loading=\"lazy\" decoding=\"async\" width=\"122\" height=\"150\" src=\"https:\/\/proposmontreal.com\/wp-content\/uploads\/2014\/03\/modele_metro-122x150.png\" class=\"attachment-thumbnail size-thumbnail\" alt=\"\" srcset=\"https:\/\/proposmontreal.com\/wp-content\/uploads\/2014\/03\/modele_metro-122x150.png 122w, https:\/\/proposmontreal.com\/wp-content\/uploads\/2014\/03\/modele_metro-245x300.png 245w, https:\/\/proposmontreal.com\/wp-content\/uploads\/2014\/03\/modele_metro.png 286w\" sizes=\"auto, (max-width: 122px) 100vw, 122px\" \/><\/a>\n\t\t\t<\/div><\/figure>\n\t\t<\/div>\n\n<\/div>\n<p>Une partie importante du Montr\u00e9al sous-terrain et de l&rsquo;histoire de notre m\u00e9tropole depuis les ann\u00e9es 60. Le m\u00e9tro de Montr\u00e9al est autant un moment de fiert\u00e9 et de frustration. Portez fi\u00e8rement votre plan sur votre c\u0153ur. Probablement les 4 lignes les plus reconnues en ville.<\/p>\n<div align=\"center\">\n<a href=\"http:\/\/www.etsy.com\/ca-fr\/listing\/127397621\/tee-shirt-mtl-metro\" target=\"_blank\"><img loading=\"lazy\" decoding=\"async\" src=\"https:\/\/proposmontreal.com\/wp-content\/uploads\/2014\/04\/bouton_acheter.png\" alt=\"bouton_acheter\" width=\"265\" height=\"72\" class=\"aligncenter size-full wp-image-2625\" style=\"border-style: none\" srcset=\"https:\/\/proposmontreal.com\/wp-content\/uploads\/2014\/04\/bouton_acheter.png 265w, https:\/\/proposmontreal.com\/wp-content\/uploads\/2014\/04\/bouton_acheter-150x40.png 150w\" sizes=\"auto, (max-width: 265px) 100vw, 265px\" \/><\/a>\n<\/div>\n","protected":false},"excerpt":{"rendered":"<p><span class=\"span-reading-time rt-reading-time\" style=\"display: block;\"><span class=\"rt-label rt-prefix\">Temps de lecture approximatif de<\/span> <span class=\"rt-time\"> &lt;\u00a01<\/span> <span class=\"rt-label rt-postfix\">minute<\/span><\/span>Une partie importante du Montr\u00e9al sous-terrain et de l&rsquo;histoire de notre m\u00e9tropole depuis les ann\u00e9es 60. Le m\u00e9tro de Montr\u00e9al est autant un moment de&#8230;<\/p>\n<div class=\"more-link-wrapper\"><a class=\"more-link\" href=\"https:\/\/proposmontreal.com\/index.php\/boutique_pm\/tee-shirts\/metro\/\">Pour lire l&#039;article&#8230;<span class=\"screen-reader-text\">M\u00e9tro<\/span><\/a><\/div>\n","protected":false},"author":2,"featured_media":2636,"parent":2415,"menu_order":0,"comment_status":"open","ping_status":"open","template":"","meta":{"jetpack_post_was_ever_published":false,"footnotes":""},"class_list":["post-2463","page","type-page","status-publish","has-post-thumbnail","hentry","excerpt","zoom","full-without-featured","even","excerpt-0"],"yoast_head":"<!-- This site is optimized with the Yoast SEO plugin v26.5 - https:\/\/yoast.com\/wordpress\/plugins\/seo\/ -->\n<title>Plan du M\u00e9tro.<\/title>\n<meta name=\"description\" content=\"Portez votre plan du m\u00e9tro pr\u00eat de votre coeur. Autant de frustration que de fiert\u00e9, voici les quatre lignes les plus reconnues \u00e0 Montr\u00e9al.\" \/>\n<meta name=\"robots\" content=\"index, follow, max-snippet:-1, max-image-preview:large, max-video-preview:-1\" \/>\n<link rel=\"canonical\" href=\"https:\/\/proposmontreal.com\/index.php\/boutique_pm\/tee-shirts\/metro\/\" \/>\n<meta property=\"og:locale\" content=\"fr_FR\" \/>\n<meta property=\"og:type\" content=\"article\" \/>\n<meta property=\"og:title\" content=\"Plan du M\u00e9tro.\" \/>\n<meta property=\"og:url\" content=\"https:\/\/proposmontreal.com\/index.php\/boutique_pm\/tee-shirts\/metro\/\" \/>\n<meta property=\"og:site_name\" content=\"ProposMontr\u00e9al\" \/>\n<meta property=\"article:publisher\" content=\"https:\/\/www.facebook.com\/proposmontreal\" \/>\n<meta property=\"article:modified_time\" content=\"2014-04-26T19:47:21+00:00\" \/>\n<meta property=\"og:image\" content=\"https:\/\/proposmontreal.com\/wp-content\/uploads\/2014\/03\/modele_metro.png\" \/>\n\t<meta property=\"og:image:width\" content=\"286\" \/>\n\t<meta property=\"og:image:height\" content=\"350\" \/>\n\t<meta property=\"og:image:type\" content=\"image\/png\" \/>\n<meta name=\"twitter:card\" content=\"summary_large_image\" \/>\n<meta name=\"twitter:site\" content=\"@ProposMontreal\" \/>\n<script type=\"application\/ld+json\" class=\"yoast-schema-graph\">{\"@context\":\"https:\/\/schema.org\",\"@graph\":[{\"@type\":\"WebPage\",\"@id\":\"https:\/\/proposmontreal.com\/index.php\/boutique_pm\/tee-shirts\/metro\/\",\"url\":\"https:\/\/proposmontreal.com\/index.php\/boutique_pm\/tee-shirts\/metro\/\",\"name\":\"Plan du M\u00e9tro.\",\"isPartOf\":{\"@id\":\"https:\/\/proposmontreal.com\/#website\"},\"primaryImageOfPage\":{\"@id\":\"https:\/\/proposmontreal.com\/index.php\/boutique_pm\/tee-shirts\/metro\/#primaryimage\"},\"image\":{\"@id\":\"https:\/\/proposmontreal.com\/index.php\/boutique_pm\/tee-shirts\/metro\/#primaryimage\"},\"thumbnailUrl\":\"https:\/\/proposmontreal.com\/wp-content\/uploads\/2014\/03\/modele_metro.png\",\"datePublished\":\"2014-03-16T02:00:56+00:00\",\"dateModified\":\"2014-04-26T19:47:21+00:00\",\"description\":\"Portez votre plan du m\u00e9tro pr\u00eat de votre coeur. Autant de frustration que de fiert\u00e9, voici les quatre lignes les plus reconnues \u00e0 Montr\u00e9al.\",\"breadcrumb\":{\"@id\":\"https:\/\/proposmontreal.com\/index.php\/boutique_pm\/tee-shirts\/metro\/#breadcrumb\"},\"inLanguage\":\"fr-FR\",\"potentialAction\":[{\"@type\":\"ReadAction\",\"target\":[\"https:\/\/proposmontreal.com\/index.php\/boutique_pm\/tee-shirts\/metro\/\"]}]},{\"@type\":\"ImageObject\",\"inLanguage\":\"fr-FR\",\"@id\":\"https:\/\/proposmontreal.com\/index.php\/boutique_pm\/tee-shirts\/metro\/#primaryimage\",\"url\":\"https:\/\/proposmontreal.com\/wp-content\/uploads\/2014\/03\/modele_metro.png\",\"contentUrl\":\"https:\/\/proposmontreal.com\/wp-content\/uploads\/2014\/03\/modele_metro.png\",\"width\":286,\"height\":350},{\"@type\":\"BreadcrumbList\",\"@id\":\"https:\/\/proposmontreal.com\/index.php\/boutique_pm\/tee-shirts\/metro\/#breadcrumb\",\"itemListElement\":[{\"@type\":\"ListItem\",\"position\":1,\"name\":\"Accueil\",\"item\":\"https:\/\/proposmontreal.com\/\"},{\"@type\":\"ListItem\",\"position\":2,\"name\":\"Boutique PM\",\"item\":\"https:\/\/proposmontreal.com\/index.php\/boutique_pm\/\"},{\"@type\":\"ListItem\",\"position\":3,\"name\":\"Tee-Shirts\",\"item\":\"https:\/\/proposmontreal.com\/index.php\/boutique_pm\/tee-shirts\/\"},{\"@type\":\"ListItem\",\"position\":4,\"name\":\"M\u00e9tro\"}]},{\"@type\":\"WebSite\",\"@id\":\"https:\/\/proposmontreal.com\/#website\",\"url\":\"https:\/\/proposmontreal.com\/\",\"name\":\"ProposMontr\u00e9al\",\"description\":\"Histoire, Urbanisme, Architecture et Opinions.\",\"potentialAction\":[{\"@type\":\"SearchAction\",\"target\":{\"@type\":\"EntryPoint\",\"urlTemplate\":\"https:\/\/proposmontreal.com\/?s={search_term_string}\"},\"query-input\":{\"@type\":\"PropertyValueSpecification\",\"valueRequired\":true,\"valueName\":\"search_term_string\"}}],\"inLanguage\":\"fr-FR\"}]}<\/script>\n<!-- \/ Yoast SEO plugin. -->","yoast_head_json":{"title":"Plan du M\u00e9tro.","description":"Portez votre plan du m\u00e9tro pr\u00eat de votre coeur. Autant de frustration que de fiert\u00e9, voici les quatre lignes les plus reconnues \u00e0 Montr\u00e9al.","robots":{"index":"index","follow":"follow","max-snippet":"max-snippet:-1","max-image-preview":"max-image-preview:large","max-video-preview":"max-video-preview:-1"},"canonical":"https:\/\/proposmontreal.com\/index.php\/boutique_pm\/tee-shirts\/metro\/","og_locale":"fr_FR","og_type":"article","og_title":"Plan du M\u00e9tro.","og_url":"https:\/\/proposmontreal.com\/index.php\/boutique_pm\/tee-shirts\/metro\/","og_site_name":"ProposMontr\u00e9al","article_publisher":"https:\/\/www.facebook.com\/proposmontreal","article_modified_time":"2014-04-26T19:47:21+00:00","og_image":[{"width":286,"height":350,"url":"https:\/\/proposmontreal.com\/wp-content\/uploads\/2014\/03\/modele_metro.png","type":"image\/png"}],"twitter_card":"summary_large_image","twitter_site":"@ProposMontreal","schema":{"@context":"https:\/\/schema.org","@graph":[{"@type":"WebPage","@id":"https:\/\/proposmontreal.com\/index.php\/boutique_pm\/tee-shirts\/metro\/","url":"https:\/\/proposmontreal.com\/index.php\/boutique_pm\/tee-shirts\/metro\/","name":"Plan du M\u00e9tro.","isPartOf":{"@id":"https:\/\/proposmontreal.com\/#website"},"primaryImageOfPage":{"@id":"https:\/\/proposmontreal.com\/index.php\/boutique_pm\/tee-shirts\/metro\/#primaryimage"},"image":{"@id":"https:\/\/proposmontreal.com\/index.php\/boutique_pm\/tee-shirts\/metro\/#primaryimage"},"thumbnailUrl":"https:\/\/proposmontreal.com\/wp-content\/uploads\/2014\/03\/modele_metro.png","datePublished":"2014-03-16T02:00:56+00:00","dateModified":"2014-04-26T19:47:21+00:00","description":"Portez votre plan du m\u00e9tro pr\u00eat de votre coeur. Autant de frustration que de fiert\u00e9, voici les quatre lignes les plus reconnues \u00e0 Montr\u00e9al.","breadcrumb":{"@id":"https:\/\/proposmontreal.com\/index.php\/boutique_pm\/tee-shirts\/metro\/#breadcrumb"},"inLanguage":"fr-FR","potentialAction":[{"@type":"ReadAction","target":["https:\/\/proposmontreal.com\/index.php\/boutique_pm\/tee-shirts\/metro\/"]}]},{"@type":"ImageObject","inLanguage":"fr-FR","@id":"https:\/\/proposmontreal.com\/index.php\/boutique_pm\/tee-shirts\/metro\/#primaryimage","url":"https:\/\/proposmontreal.com\/wp-content\/uploads\/2014\/03\/modele_metro.png","contentUrl":"https:\/\/proposmontreal.com\/wp-content\/uploads\/2014\/03\/modele_metro.png","width":286,"height":350},{"@type":"BreadcrumbList","@id":"https:\/\/proposmontreal.com\/index.php\/boutique_pm\/tee-shirts\/metro\/#breadcrumb","itemListElement":[{"@type":"ListItem","position":1,"name":"Accueil","item":"https:\/\/proposmontreal.com\/"},{"@type":"ListItem","position":2,"name":"Boutique PM","item":"https:\/\/proposmontreal.com\/index.php\/boutique_pm\/"},{"@type":"ListItem","position":3,"name":"Tee-Shirts","item":"https:\/\/proposmontreal.com\/index.php\/boutique_pm\/tee-shirts\/"},{"@type":"ListItem","position":4,"name":"M\u00e9tro"}]},{"@type":"WebSite","@id":"https:\/\/proposmontreal.com\/#website","url":"https:\/\/proposmontreal.com\/","name":"ProposMontr\u00e9al","description":"Histoire, Urbanisme, Architecture et Opinions.","potentialAction":[{"@type":"SearchAction","target":{"@type":"EntryPoint","urlTemplate":"https:\/\/proposmontreal.com\/?s={search_term_string}"},"query-input":{"@type":"PropertyValueSpecification","valueRequired":true,"valueName":"search_term_string"}}],"inLanguage":"fr-FR"}]}},"jetpack_sharing_enabled":true,"_links":{"self":[{"href":"https:\/\/proposmontreal.com\/index.php\/wp-json\/wp\/v2\/pages\/2463","targetHints":{"allow":["GET"]}}],"collection":[{"href":"https:\/\/proposmontreal.com\/index.php\/wp-json\/wp\/v2\/pages"}],"about":[{"href":"https:\/\/proposmontreal.com\/index.php\/wp-json\/wp\/v2\/types\/page"}],"author":[{"embeddable":true,"href":"https:\/\/proposmontreal.com\/index.php\/wp-json\/wp\/v2\/users\/2"}],"replies":[{"embeddable":true,"href":"https:\/\/proposmontreal.com\/index.php\/wp-json\/wp\/v2\/comments?post=2463"}],"version-history":[{"count":3,"href":"https:\/\/proposmontreal.com\/index.php\/wp-json\/wp\/v2\/pages\/2463\/revisions"}],"predecessor-version":[{"id":2638,"href":"https:\/\/proposmontreal.com\/index.php\/wp-json\/wp\/v2\/pages\/2463\/revisions\/2638"}],"up":[{"embeddable":true,"href":"https:\/\/proposmontreal.com\/index.php\/wp-json\/wp\/v2\/pages\/2415"}],"wp:featuredmedia":[{"embeddable":true,"href":"https:\/\/proposmontreal.com\/index.php\/wp-json\/wp\/v2\/media\/2636"}],"wp:attachment":[{"href":"https:\/\/proposmontreal.com\/index.php\/wp-json\/wp\/v2\/media?parent=2463"}],"curies":[{"name":"wp","href":"https:\/\/api.w.org\/{rel}","templated":true}]}}