{"id":2415,"date":"2014-03-12T23:24:15","date_gmt":"2014-03-13T03:24:15","guid":{"rendered":"http:\/\/proposmontreal.com\/?page_id=2415"},"modified":"2014-04-26T21:42:03","modified_gmt":"2014-04-27T01:42:03","slug":"tee-shirts","status":"publish","type":"page","link":"https:\/\/proposmontreal.com\/index.php\/boutique_pm\/tee-shirts\/","title":{"rendered":"Tee-Shirts"},"content":{"rendered":"<span class=\"span-reading-time rt-reading-time\" style=\"display: block;\"><span class=\"rt-label rt-prefix\">Temps de lecture approximatif de<\/span> <span class=\"rt-time\"> &lt;\u00a01<\/span> <span class=\"rt-label rt-postfix\">minute<\/span><\/span><p>La Boutique PM contient des produits qui vous permettront de porter fi\u00e8rement votre Montr\u00e9al.<\/p>\n<ul>\n<li>Coupe classique et ample<\/li>\n<li>Tee-Shirts imprim\u00e9s sur commande seulement.<\/li>\n<li>Marque: Gildan 5000<\/li>\n<li>Piq\u00fbres doubles aux manches et \u00e0 la base<\/li>\n<li>Fabriqu\u00e9 de 100% Coton pr\u00e9-r\u00e9tr\u00e9ci.<\/li>\n<li>Disponible en quatre grandeurs, Petit, M\u00e9dium, Large et Extra-Large.<\/li>\n<\/ul>\n<p>Cliquez sur le mod\u00e8le de votre choix:<\/p>\n<p>\n<a href=\"https:\/\/proposmontreal.com\/index.php\/boutique_pm\/tee-shirts\/dites-donc-dow\/\"><img decoding=\"async\" src=\"https:\/\/proposmontreal.com\/wp-content\/uploads\/2014\/03\/dow.png\" alt=\"Bi\u00e8re Dow ale\" width=\"300\" class=\"aligncenter size-full wp-image-2426\" srcset=\"https:\/\/proposmontreal.com\/wp-content\/uploads\/2014\/03\/dow.png 600w, https:\/\/proposmontreal.com\/wp-content\/uploads\/2014\/03\/dow-150x139.png 150w, https:\/\/proposmontreal.com\/wp-content\/uploads\/2014\/03\/dow-300x278.png 300w\" sizes=\"(max-width: 600px) 100vw, 600px\" \/><\/a><a href=\"https:\/\/proposmontreal.com\/index.php\/metro\/\"><img loading=\"lazy\" decoding=\"async\" src=\"https:\/\/proposmontreal.com\/wp-content\/uploads\/2014\/03\/metro-300x278.png\" alt=\"Plan du M\u00e9tro\" width=\"300\" height=\"278\" class=\"aligncenter size-medium wp-image-2429\" srcset=\"https:\/\/proposmontreal.com\/wp-content\/uploads\/2014\/03\/metro-300x278.png 300w, https:\/\/proposmontreal.com\/wp-content\/uploads\/2014\/03\/metro-150x139.png 150w, https:\/\/proposmontreal.com\/wp-content\/uploads\/2014\/03\/metro.png 600w\" sizes=\"auto, (max-width: 300px) 100vw, 300px\" \/><\/a>\n<\/p>\n<p>\n<a href=\"https:\/\/proposmontreal.com\/index.php\/autoroutes\/\"><img loading=\"lazy\" decoding=\"async\" src=\"https:\/\/proposmontreal.com\/wp-content\/uploads\/2014\/03\/autoroute-300x278.png\" alt=\"Les Autoroutes\" width=\"300\" height=\"278\" class=\"aligncenter size-medium wp-image-2425\" srcset=\"https:\/\/proposmontreal.com\/wp-content\/uploads\/2014\/03\/autoroute-300x278.png 300w, https:\/\/proposmontreal.com\/wp-content\/uploads\/2014\/03\/autoroute-150x139.png 150w, https:\/\/proposmontreal.com\/wp-content\/uploads\/2014\/03\/autoroute.png 600w\" sizes=\"auto, (max-width: 300px) 100vw, 300px\" \/><\/a><a href=\"https:\/\/proposmontreal.com\/index.php\/emile-nelligan\/\"><img loading=\"lazy\" decoding=\"async\" src=\"https:\/\/proposmontreal.com\/wp-content\/uploads\/2014\/03\/emile-300x278.png\" alt=\"\u00c9mile Nelligan\" width=\"300\" height=\"278\" class=\"aligncenter size-medium wp-image-2427\" srcset=\"https:\/\/proposmontreal.com\/wp-content\/uploads\/2014\/03\/emile-300x278.png 300w, https:\/\/proposmontreal.com\/wp-content\/uploads\/2014\/03\/emile-150x139.png 150w, https:\/\/proposmontreal.com\/wp-content\/uploads\/2014\/03\/emile.png 600w\" sizes=\"auto, (max-width: 300px) 100vw, 300px\" \/><\/a>\n<\/p>\n<p>\n<a href=\"https:\/\/proposmontreal.com\/index.php\/keep-calm-et-parlez-franglais\/\"><img loading=\"lazy\" decoding=\"async\" src=\"https:\/\/proposmontreal.com\/wp-content\/uploads\/2014\/03\/KCPF-300x278.png\" alt=\"Keep calm et Parlez Franglais\" width=\"300\" height=\"278\" class=\"aligncenter size-medium wp-image-2428\" srcset=\"https:\/\/proposmontreal.com\/wp-content\/uploads\/2014\/03\/KCPF-300x278.png 300w, https:\/\/proposmontreal.com\/wp-content\/uploads\/2014\/03\/KCPF-150x139.png 150w, https:\/\/proposmontreal.com\/wp-content\/uploads\/2014\/03\/KCPF.png 600w\" sizes=\"auto, (max-width: 300px) 100vw, 300px\" \/><\/a><a href=\"https:\/\/proposmontreal.com\/index.php\/boutique_pm\/tee-shirts\/ferme-ta-yul\/\"><img loading=\"lazy\" decoding=\"async\" src=\"https:\/\/proposmontreal.com\/wp-content\/uploads\/2014\/04\/fermetayeule-300x278.png\" alt=\"fermetayeule\" width=\"300\" height=\"278\" class=\"aligncenter size-medium wp-image-2649\" srcset=\"https:\/\/proposmontreal.com\/wp-content\/uploads\/2014\/04\/fermetayeule-300x278.png 300w, https:\/\/proposmontreal.com\/wp-content\/uploads\/2014\/04\/fermetayeule-150x139.png 150w, https:\/\/proposmontreal.com\/wp-content\/uploads\/2014\/04\/fermetayeule.png 600w\" sizes=\"auto, (max-width: 300px) 100vw, 300px\" \/><\/a>\n<\/p>\n<div align=\"center\">\n<img loading=\"lazy\" decoding=\"async\" src=\"https:\/\/proposmontreal.com\/wp-content\/uploads\/2014\/03\/dimensions.png\" alt=\"Dimensions\" width=\"550\" height=\"275\" class=\"aligncenter size-full wp-image-2432\" srcset=\"https:\/\/proposmontreal.com\/wp-content\/uploads\/2014\/03\/dimensions.png 550w, https:\/\/proposmontreal.com\/wp-content\/uploads\/2014\/03\/dimensions-150x75.png 150w, https:\/\/proposmontreal.com\/wp-content\/uploads\/2014\/03\/dimensions-300x150.png 300w\" sizes=\"auto, (max-width: 550px) 100vw, 550px\" \/>\n<\/div>\n","protected":false},"excerpt":{"rendered":"<p><span class=\"span-reading-time rt-reading-time\" style=\"display: block;\"><span class=\"rt-label rt-prefix\">Temps de lecture approximatif de<\/span> <span class=\"rt-time\"> &lt;\u00a01<\/span> <span class=\"rt-label rt-postfix\">minute<\/span><\/span>La Boutique PM contient des produits qui vous permettront de porter fi\u00e8rement votre Montr\u00e9al. Coupe classique et ample Tee-Shirts imprim\u00e9s sur commande seulement. Marque: Gildan&#8230;<\/p>\n<div class=\"more-link-wrapper\"><a class=\"more-link\" href=\"https:\/\/proposmontreal.com\/index.php\/boutique_pm\/tee-shirts\/\">Pour lire l&#039;article&#8230;<span class=\"screen-reader-text\">Tee-Shirts<\/span><\/a><\/div>\n","protected":false},"author":2,"featured_media":0,"parent":1527,"menu_order":0,"comment_status":"closed","ping_status":"closed","template":"","meta":{"jetpack_post_was_ever_published":false,"footnotes":""},"class_list":["post-2415","page","type-page","status-publish","hentry","excerpt","zoom","full-without-featured","even","excerpt-0"],"yoast_head":"<!-- This site is optimized with the Yoast SEO plugin v26.5 - https:\/\/yoast.com\/wordpress\/plugins\/seo\/ -->\n<title>Tee-Shirts - ProposMontr\u00e9al<\/title>\n<meta name=\"robots\" content=\"index, follow, max-snippet:-1, max-image-preview:large, max-video-preview:-1\" \/>\n<link rel=\"canonical\" href=\"https:\/\/proposmontreal.com\/index.php\/boutique_pm\/tee-shirts\/\" \/>\n<meta property=\"og:locale\" content=\"fr_FR\" \/>\n<meta property=\"og:type\" content=\"article\" \/>\n<meta property=\"og:title\" content=\"Tee-Shirts - ProposMontr\u00e9al\" \/>\n<meta property=\"og:url\" content=\"https:\/\/proposmontreal.com\/index.php\/boutique_pm\/tee-shirts\/\" \/>\n<meta property=\"og:site_name\" content=\"ProposMontr\u00e9al\" \/>\n<meta property=\"article:publisher\" content=\"https:\/\/www.facebook.com\/proposmontreal\" \/>\n<meta property=\"article:modified_time\" content=\"2014-04-27T01:42:03+00:00\" \/>\n<meta property=\"og:image\" content=\"http:\/\/proposmontreal.com\/wp-content\/uploads\/2014\/03\/dow.png\" \/>\n<meta name=\"twitter:card\" content=\"summary_large_image\" \/>\n<meta name=\"twitter:site\" content=\"@ProposMontreal\" \/>\n<script type=\"application\/ld+json\" class=\"yoast-schema-graph\">{\"@context\":\"https:\/\/schema.org\",\"@graph\":[{\"@type\":\"WebPage\",\"@id\":\"https:\/\/proposmontreal.com\/index.php\/boutique_pm\/tee-shirts\/\",\"url\":\"https:\/\/proposmontreal.com\/index.php\/boutique_pm\/tee-shirts\/\",\"name\":\"Tee-Shirts - ProposMontr\u00e9al\",\"isPartOf\":{\"@id\":\"https:\/\/proposmontreal.com\/#website\"},\"primaryImageOfPage\":{\"@id\":\"https:\/\/proposmontreal.com\/index.php\/boutique_pm\/tee-shirts\/#primaryimage\"},\"image\":{\"@id\":\"https:\/\/proposmontreal.com\/index.php\/boutique_pm\/tee-shirts\/#primaryimage\"},\"thumbnailUrl\":\"http:\/\/proposmontreal.com\/wp-content\/uploads\/2014\/03\/dow.png\",\"datePublished\":\"2014-03-13T03:24:15+00:00\",\"dateModified\":\"2014-04-27T01:42:03+00:00\",\"breadcrumb\":{\"@id\":\"https:\/\/proposmontreal.com\/index.php\/boutique_pm\/tee-shirts\/#breadcrumb\"},\"inLanguage\":\"fr-FR\",\"potentialAction\":[{\"@type\":\"ReadAction\",\"target\":[\"https:\/\/proposmontreal.com\/index.php\/boutique_pm\/tee-shirts\/\"]}]},{\"@type\":\"ImageObject\",\"inLanguage\":\"fr-FR\",\"@id\":\"https:\/\/proposmontreal.com\/index.php\/boutique_pm\/tee-shirts\/#primaryimage\",\"url\":\"http:\/\/proposmontreal.com\/wp-content\/uploads\/2014\/03\/dow.png\",\"contentUrl\":\"http:\/\/proposmontreal.com\/wp-content\/uploads\/2014\/03\/dow.png\"},{\"@type\":\"BreadcrumbList\",\"@id\":\"https:\/\/proposmontreal.com\/index.php\/boutique_pm\/tee-shirts\/#breadcrumb\",\"itemListElement\":[{\"@type\":\"ListItem\",\"position\":1,\"name\":\"Accueil\",\"item\":\"https:\/\/proposmontreal.com\/\"},{\"@type\":\"ListItem\",\"position\":2,\"name\":\"Boutique PM\",\"item\":\"https:\/\/proposmontreal.com\/index.php\/boutique_pm\/\"},{\"@type\":\"ListItem\",\"position\":3,\"name\":\"Tee-Shirts\"}]},{\"@type\":\"WebSite\",\"@id\":\"https:\/\/proposmontreal.com\/#website\",\"url\":\"https:\/\/proposmontreal.com\/\",\"name\":\"ProposMontr\u00e9al\",\"description\":\"Histoire, Urbanisme, Architecture et Opinions.\",\"potentialAction\":[{\"@type\":\"SearchAction\",\"target\":{\"@type\":\"EntryPoint\",\"urlTemplate\":\"https:\/\/proposmontreal.com\/?s={search_term_string}\"},\"query-input\":{\"@type\":\"PropertyValueSpecification\",\"valueRequired\":true,\"valueName\":\"search_term_string\"}}],\"inLanguage\":\"fr-FR\"}]}<\/script>\n<!-- \/ Yoast SEO plugin. -->","yoast_head_json":{"title":"Tee-Shirts - ProposMontr\u00e9al","robots":{"index":"index","follow":"follow","max-snippet":"max-snippet:-1","max-image-preview":"max-image-preview:large","max-video-preview":"max-video-preview:-1"},"canonical":"https:\/\/proposmontreal.com\/index.php\/boutique_pm\/tee-shirts\/","og_locale":"fr_FR","og_type":"article","og_title":"Tee-Shirts - ProposMontr\u00e9al","og_url":"https:\/\/proposmontreal.com\/index.php\/boutique_pm\/tee-shirts\/","og_site_name":"ProposMontr\u00e9al","article_publisher":"https:\/\/www.facebook.com\/proposmontreal","article_modified_time":"2014-04-27T01:42:03+00:00","og_image":[{"url":"http:\/\/proposmontreal.com\/wp-content\/uploads\/2014\/03\/dow.png","type":"","width":"","height":""}],"twitter_card":"summary_large_image","twitter_site":"@ProposMontreal","schema":{"@context":"https:\/\/schema.org","@graph":[{"@type":"WebPage","@id":"https:\/\/proposmontreal.com\/index.php\/boutique_pm\/tee-shirts\/","url":"https:\/\/proposmontreal.com\/index.php\/boutique_pm\/tee-shirts\/","name":"Tee-Shirts - ProposMontr\u00e9al","isPartOf":{"@id":"https:\/\/proposmontreal.com\/#website"},"primaryImageOfPage":{"@id":"https:\/\/proposmontreal.com\/index.php\/boutique_pm\/tee-shirts\/#primaryimage"},"image":{"@id":"https:\/\/proposmontreal.com\/index.php\/boutique_pm\/tee-shirts\/#primaryimage"},"thumbnailUrl":"http:\/\/proposmontreal.com\/wp-content\/uploads\/2014\/03\/dow.png","datePublished":"2014-03-13T03:24:15+00:00","dateModified":"2014-04-27T01:42:03+00:00","breadcrumb":{"@id":"https:\/\/proposmontreal.com\/index.php\/boutique_pm\/tee-shirts\/#breadcrumb"},"inLanguage":"fr-FR","potentialAction":[{"@type":"ReadAction","target":["https:\/\/proposmontreal.com\/index.php\/boutique_pm\/tee-shirts\/"]}]},{"@type":"ImageObject","inLanguage":"fr-FR","@id":"https:\/\/proposmontreal.com\/index.php\/boutique_pm\/tee-shirts\/#primaryimage","url":"http:\/\/proposmontreal.com\/wp-content\/uploads\/2014\/03\/dow.png","contentUrl":"http:\/\/proposmontreal.com\/wp-content\/uploads\/2014\/03\/dow.png"},{"@type":"BreadcrumbList","@id":"https:\/\/proposmontreal.com\/index.php\/boutique_pm\/tee-shirts\/#breadcrumb","itemListElement":[{"@type":"ListItem","position":1,"name":"Accueil","item":"https:\/\/proposmontreal.com\/"},{"@type":"ListItem","position":2,"name":"Boutique PM","item":"https:\/\/proposmontreal.com\/index.php\/boutique_pm\/"},{"@type":"ListItem","position":3,"name":"Tee-Shirts"}]},{"@type":"WebSite","@id":"https:\/\/proposmontreal.com\/#website","url":"https:\/\/proposmontreal.com\/","name":"ProposMontr\u00e9al","description":"Histoire, Urbanisme, Architecture et Opinions.","potentialAction":[{"@type":"SearchAction","target":{"@type":"EntryPoint","urlTemplate":"https:\/\/proposmontreal.com\/?s={search_term_string}"},"query-input":{"@type":"PropertyValueSpecification","valueRequired":true,"valueName":"search_term_string"}}],"inLanguage":"fr-FR"}]}},"jetpack_sharing_enabled":true,"_links":{"self":[{"href":"https:\/\/proposmontreal.com\/index.php\/wp-json\/wp\/v2\/pages\/2415","targetHints":{"allow":["GET"]}}],"collection":[{"href":"https:\/\/proposmontreal.com\/index.php\/wp-json\/wp\/v2\/pages"}],"about":[{"href":"https:\/\/proposmontreal.com\/index.php\/wp-json\/wp\/v2\/types\/page"}],"author":[{"embeddable":true,"href":"https:\/\/proposmontreal.com\/index.php\/wp-json\/wp\/v2\/users\/2"}],"replies":[{"embeddable":true,"href":"https:\/\/proposmontreal.com\/index.php\/wp-json\/wp\/v2\/comments?post=2415"}],"version-history":[{"count":2,"href":"https:\/\/proposmontreal.com\/index.php\/wp-json\/wp\/v2\/pages\/2415\/revisions"}],"predecessor-version":[{"id":2653,"href":"https:\/\/proposmontreal.com\/index.php\/wp-json\/wp\/v2\/pages\/2415\/revisions\/2653"}],"up":[{"embeddable":true,"href":"https:\/\/proposmontreal.com\/index.php\/wp-json\/wp\/v2\/pages\/1527"}],"wp:attachment":[{"href":"https:\/\/proposmontreal.com\/index.php\/wp-json\/wp\/v2\/media?parent=2415"}],"curies":[{"name":"wp","href":"https:\/\/api.w.org\/{rel}","templated":true}]}}